{"id":288,"date":"2025-12-28T11:56:22","date_gmt":"2025-12-28T11:56:22","guid":{"rendered":"https:\/\/jamonesjasena.com\/?page_id=288"},"modified":"2025-12-28T12:10:19","modified_gmt":"2025-12-28T12:10:19","slug":"aviso-legal","status":"publish","type":"page","link":"https:\/\/jamonesjasena.com\/en\/aviso-legal\/","title":{"rendered":"Aviso legal"},"content":{"rendered":"<style>.elementor-288 .elementor-element.elementor-element-b941c12{--display:flex;--flex-direction:column;--container-widget-width:100%;--container-widget-height:initial;--container-widget-flex-grow:0;--container-widget-align-self:initial;--flex-wrap-mobile:wrap;}.elementor-288 .elementor-element.elementor-element-7f048b1{--spacer-size:50px;}.elementor-288 .elementor-element.elementor-element-b33609e .elementor-heading-title{font-family:var( --e-global-typography-0e0ccc7-font-family ), Sans-serif;font-size:var( --e-global-typography-0e0ccc7-font-size );font-weight:var( --e-global-typography-0e0ccc7-font-weight );text-transform:var( --e-global-typography-0e0ccc7-text-transform );line-height:var( --e-global-typography-0e0ccc7-line-height );letter-spacing:var( --e-global-typography-0e0ccc7-letter-spacing );word-spacing:var( --e-global-typography-0e0ccc7-word-spacing );color:#000000;}.elementor-288 .elementor-element.elementor-element-f19511e{--spacer-size:50px;}.elementor-288 .elementor-element.elementor-element-8d42feb{--spacer-size:50px;}@media(max-width:1440px){.elementor-288 .elementor-element.elementor-element-b33609e .elementor-heading-title{font-size:var( --e-global-typography-0e0ccc7-font-size );line-height:var( --e-global-typography-0e0ccc7-line-height );letter-spacing:var( --e-global-typography-0e0ccc7-letter-spacing );word-spacing:var( --e-global-typography-0e0ccc7-word-spacing );}}@media(max-width:1024px){.elementor-288 .elementor-element.elementor-element-b33609e .elementor-heading-title{font-size:var( --e-global-typography-0e0ccc7-font-size );line-height:var( --e-global-typography-0e0ccc7-line-height );letter-spacing:var( --e-global-typography-0e0ccc7-letter-spacing );word-spacing:var( --e-global-typography-0e0ccc7-word-spacing );}}@media(max-width:767px){.elementor-288 .elementor-element.elementor-element-b33609e .elementor-heading-title{font-size:var( --e-global-typography-0e0ccc7-font-size );line-height:var( --e-global-typography-0e0ccc7-line-height );letter-spacing:var( --e-global-typography-0e0ccc7-letter-spacing );word-spacing:var( --e-global-typography-0e0ccc7-word-spacing );}}<\/style>\t\t<div data-elementor-type=\"wp-page\" data-elementor-id=\"288\" class=\"elementor elementor-288\" data-elementor-post-type=\"page\">\n\t\t\t\t<div class=\"elementor-element elementor-element-b941c12 e-flex e-con-boxed e-con e-parent\" data-id=\"b941c12\" data-element_type=\"container\" data-e-type=\"container\">\n\t\t\t\t\t<div class=\"e-con-inner\">\n\t\t\t\t<div class=\"elementor-element elementor-element-7f048b1 elementor-widget elementor-widget-spacer\" data-id=\"7f048b1\" data-element_type=\"widget\" data-e-type=\"widget\" data-widget_type=\"spacer.default\">\n\t\t\t\t\t\t\t<div class=\"elementor-spacer\">\n\t\t\t<div class=\"elementor-spacer-inner\"><\/div>\n\t\t<\/div>\n\t\t\t\t\t\t<\/div>\n\t\t\t\t<div class=\"elementor-element elementor-element-b33609e elementor-widget elementor-widget-heading\" data-id=\"b33609e\" data-element_type=\"widget\" data-e-type=\"widget\" data-widget_type=\"heading.default\">\n\t\t\t\t\t<h2 class=\"elementor-heading-title elementor-size-default\">Aviso legal<\/h2>\t\t\t\t<\/div>\n\t\t\t\t<div class=\"elementor-element elementor-element-f19511e elementor-widget elementor-widget-spacer\" data-id=\"f19511e\" data-element_type=\"widget\" data-e-type=\"widget\" data-widget_type=\"spacer.default\">\n\t\t\t\t\t\t\t<div class=\"elementor-spacer\">\n\t\t\t<div class=\"elementor-spacer-inner\"><\/div>\n\t\t<\/div>\n\t\t\t\t\t\t<\/div>\n\t\t\t\t<div class=\"elementor-element elementor-element-35e66e2 elementor-widget elementor-widget-text-editor\" data-id=\"35e66e2\" data-element_type=\"widget\" data-e-type=\"widget\" data-widget_type=\"text-editor.default\">\n\t\t\t\t\t\t\t\t\t<p class=\"p1\">AVISO LEGAL<\/p><p class=\"p1\">Jasena S.L. en adelante EL PROPIETARIO y su pagina web www.jamonesjasena.com en adelante SITIO WEB, declaran:<\/p><p class=\"p1\">En cumplimiento con el deber de informaci\u00f3n recogido en art\u00edculo 10 de la Ley 34\/2002, de 11 de julio, de Servicios de la Sociedad de la Informaci\u00f3n y del Comercio Electr\u00f3nico (LSSICE), el propietario de la web , le informa de lo siguiente:<\/p><ul class=\"ul1\"><li class=\"li2\">Denominaci\u00f3n social:\u00a0<span data-teams=\"true\">Jasena S.L.<\/span><\/li><li class=\"li2\">NIF:\u00a0<span data-teams=\"true\">&#8211;<\/span><\/li><li class=\"li2\">Domicilio:\u00a0<span data-teams=\"true\">&#8211;<\/span><\/li><\/ul><p>\u00a0<\/p><p>Con los l\u00edmites establecidos en la ley, EL PROPIETARIO no asume ninguna responsabilidad derivada de la falta de veracidad, integridad, actualizaci\u00f3n y precisi\u00f3n de los datos o informaciones que contienen sus p\u00e1ginas web.<\/p><p class=\"p1\">Los contenidos e informaci\u00f3n no vinculan a EL PROPIETARIO ni constituyen opiniones, consejos o asesoramiento legal de ning\u00fan tipo pues se trata meramente de un servicio ofrecido con car\u00e1cter informativo y divulgativo.<\/p><p class=\"p1\">Las p\u00e1ginas de Internet de EL PROPIETARIO pueden contener enlaces (links) a otras p\u00e1ginas de terceras partes que EL PROPIETARIO no puede controlar. Por lo tanto, EL PROPIETARIO no puede asumir responsabilidades por el contenido que pueda aparecer en p\u00e1ginas de terceros.<\/p><p class=\"p1\">Los textos, im\u00e1genes, sonidos, animaciones, software y el resto de contenidos incluidos en este website son propiedad exclusiva de EL PROPIETARIO o sus licenciantes. Cualquier acto de transmisi\u00f3n, distribuci\u00f3n, cesi\u00f3n, reproducci\u00f3n, almacenamiento o comunicaci\u00f3n p\u00fablica total o parcial, deber\u00e1 contar con el consentimiento expreso de EL PROPIETARIO .<\/p><p class=\"p1\">Asimismo, para acceder a algunos de los servicios que EL PROPIETARIO ofrece a trav\u00e9s del sitio web, deber\u00e1 proporcionar algunos datos de car\u00e1cter personal. En cumplimiento de lo establecido en el Reglamento (UE) 2016\/679 del Parlamento Europeo y del Consejo, de 27 de abril de 2016, relativo a la protecci\u00f3n de las personas f\u00edsicas en lo que respecta al tratamiento de datos personales y a la libre circulaci\u00f3n de estos datos le informamos que, mediante la cumplimentaci\u00f3n de los presentes formularios, sus datos personales quedar\u00e1n incorporados y ser\u00e1n tratados en los ficheros de EL PROPIETARIO con el fin de poderle prestar y ofrecer nuestros servicios as\u00ed como para informarle de las mejoras del sitio Web.<\/p><p class=\"p1\">Le informamos tambi\u00e9n de que tendr\u00e1 la posibilidad en todo momento de ejercer los derechos de acceso, rectificaci\u00f3n, cancelaci\u00f3n, oposici\u00f3n, limitaci\u00f3n y portabilidad de sus datos de car\u00e1cter personal, de manera gratuita mediante email a: info@jamonesjasena.com o en la direcci\u00f3n: &#8211;<\/p><p class=\"p1\">REV: 20.3009<\/p>\t\t\t\t\t\t\t\t<\/div>\n\t\t\t\t<div class=\"elementor-element elementor-element-8d42feb elementor-widget elementor-widget-spacer\" data-id=\"8d42feb\" data-element_type=\"widget\" data-e-type=\"widget\" data-widget_type=\"spacer.default\">\n\t\t\t\t\t\t\t<div class=\"elementor-spacer\">\n\t\t\t<div class=\"elementor-spacer-inner\"><\/div>\n\t\t<\/div>\n\t\t\t\t\t\t<\/div>\n\t\t\t\t\t<\/div>\n\t\t\t\t<\/div>\n\t\t\t\t<\/div>","protected":false},"excerpt":{"rendered":"<p>Aviso legal AVISO LEGAL Jasena S.L. en adelante EL PROPIETARIO y su pagina web www.jamonesjasena.com en adelante SITIO WEB, declaran: En cumplimiento con el deber de informaci\u00f3n recogido en art\u00edculo 10 de la Ley 34\/2002, de 11 de julio, de Servicios de la Sociedad de la Informaci\u00f3n y del Comercio Electr\u00f3nico (LSSICE), el propietario de [&hellip;]<\/p>\n","protected":false},"author":1,"featured_media":0,"parent":0,"menu_order":0,"comment_status":"closed","ping_status":"closed","template":"elementor_header_footer","meta":{"footnotes":""},"class_list":["post-288","page","type-page","status-publish","hentry"],"yoast_head":"<!-- This site is optimized with the Yoast SEO plugin v27.1.1 - https:\/\/yoast.com\/product\/yoast-seo-wordpress\/ -->\n<title>Aviso legal - Jamones Jasena<\/title>\n<meta name=\"robots\" content=\"index, follow, max-snippet:-1, max-image-preview:large, max-video-preview:-1\" \/>\n<link rel=\"canonical\" href=\"https:\/\/jamonesjasena.com\/en\/aviso-legal\/\" \/>\n<meta property=\"og:locale\" content=\"en_GB\" \/>\n<meta property=\"og:type\" content=\"article\" \/>\n<meta property=\"og:title\" content=\"Aviso legal - Jamones Jasena\" \/>\n<meta property=\"og:description\" content=\"Aviso legal AVISO LEGAL Jasena S.L. en adelante EL PROPIETARIO y su pagina web www.jamonesjasena.com en adelante SITIO WEB, declaran: En cumplimiento con el deber de informaci\u00f3n recogido en art\u00edculo 10 de la Ley 34\/2002, de 11 de julio, de Servicios de la Sociedad de la Informaci\u00f3n y del Comercio Electr\u00f3nico (LSSICE), el propietario de [&hellip;]\" \/>\n<meta property=\"og:url\" content=\"https:\/\/jamonesjasena.com\/en\/aviso-legal\/\" \/>\n<meta property=\"og:site_name\" content=\"Jamones Jasena\" \/>\n<meta property=\"article:modified_time\" content=\"2025-12-28T12:10:19+00:00\" \/>\n<meta name=\"twitter:card\" content=\"summary_large_image\" \/>\n<meta name=\"twitter:label1\" content=\"Estimated reading time\" \/>\n\t<meta name=\"twitter:data1\" content=\"2 minutes\" \/>\n<script type=\"application\/ld+json\" class=\"yoast-schema-graph\">{\"@context\":\"https:\/\/schema.org\",\"@graph\":[{\"@type\":\"WebPage\",\"@id\":\"https:\/\/jamonesjasena.com\/aviso-legal\/\",\"url\":\"https:\/\/jamonesjasena.com\/aviso-legal\/\",\"name\":\"Aviso legal - Jamones Jasena\",\"isPartOf\":{\"@id\":\"https:\/\/jamonesjasena.com\/#website\"},\"datePublished\":\"2025-12-28T11:56:22+00:00\",\"dateModified\":\"2025-12-28T12:10:19+00:00\",\"breadcrumb\":{\"@id\":\"https:\/\/jamonesjasena.com\/aviso-legal\/#breadcrumb\"},\"inLanguage\":\"en-GB\",\"potentialAction\":[{\"@type\":\"ReadAction\",\"target\":[\"https:\/\/jamonesjasena.com\/aviso-legal\/\"]}]},{\"@type\":\"BreadcrumbList\",\"@id\":\"https:\/\/jamonesjasena.com\/aviso-legal\/#breadcrumb\",\"itemListElement\":[{\"@type\":\"ListItem\",\"position\":1,\"name\":\"Portada\",\"item\":\"https:\/\/jamonesjasena.com\/\"},{\"@type\":\"ListItem\",\"position\":2,\"name\":\"Aviso legal\"}]},{\"@type\":\"WebSite\",\"@id\":\"https:\/\/jamonesjasena.com\/#website\",\"url\":\"https:\/\/jamonesjasena.com\/\",\"name\":\"Jamones Jasena\",\"description\":\"\",\"publisher\":{\"@id\":\"https:\/\/jamonesjasena.com\/#organization\"},\"potentialAction\":[{\"@type\":\"SearchAction\",\"target\":{\"@type\":\"EntryPoint\",\"urlTemplate\":\"https:\/\/jamonesjasena.com\/?s={search_term_string}\"},\"query-input\":{\"@type\":\"PropertyValueSpecification\",\"valueRequired\":true,\"valueName\":\"search_term_string\"}}],\"inLanguage\":\"en-GB\"},{\"@type\":\"Organization\",\"@id\":\"https:\/\/jamonesjasena.com\/#organization\",\"name\":\"Jamones Jasena\",\"url\":\"https:\/\/jamonesjasena.com\/\",\"logo\":{\"@type\":\"ImageObject\",\"inLanguage\":\"en-GB\",\"@id\":\"https:\/\/jamonesjasena.com\/#\/schema\/logo\/image\/\",\"url\":\"https:\/\/jamonesjasena.com\/wp-content\/uploads\/2025\/12\/Logo-background.png\",\"contentUrl\":\"https:\/\/jamonesjasena.com\/wp-content\/uploads\/2025\/12\/Logo-background.png\",\"width\":755,\"height\":330,\"caption\":\"Jamones Jasena\"},\"image\":{\"@id\":\"https:\/\/jamonesjasena.com\/#\/schema\/logo\/image\/\"}}]}<\/script>\n<!-- \/ Yoast SEO plugin. -->","yoast_head_json":{"title":"Aviso legal - Jamones Jasena","robots":{"index":"index","follow":"follow","max-snippet":"max-snippet:-1","max-image-preview":"max-image-preview:large","max-video-preview":"max-video-preview:-1"},"canonical":"https:\/\/jamonesjasena.com\/en\/aviso-legal\/","og_locale":"en_GB","og_type":"article","og_title":"Aviso legal - Jamones Jasena","og_description":"Aviso legal AVISO LEGAL Jasena S.L. en adelante EL PROPIETARIO y su pagina web www.jamonesjasena.com en adelante SITIO WEB, declaran: En cumplimiento con el deber de informaci\u00f3n recogido en art\u00edculo 10 de la Ley 34\/2002, de 11 de julio, de Servicios de la Sociedad de la Informaci\u00f3n y del Comercio Electr\u00f3nico (LSSICE), el propietario de [&hellip;]","og_url":"https:\/\/jamonesjasena.com\/en\/aviso-legal\/","og_site_name":"Jamones Jasena","article_modified_time":"2025-12-28T12:10:19+00:00","twitter_card":"summary_large_image","twitter_misc":{"Estimated reading time":"2 minutes"},"schema":{"@context":"https:\/\/schema.org","@graph":[{"@type":"WebPage","@id":"https:\/\/jamonesjasena.com\/aviso-legal\/","url":"https:\/\/jamonesjasena.com\/aviso-legal\/","name":"Aviso legal - Jamones Jasena","isPartOf":{"@id":"https:\/\/jamonesjasena.com\/#website"},"datePublished":"2025-12-28T11:56:22+00:00","dateModified":"2025-12-28T12:10:19+00:00","breadcrumb":{"@id":"https:\/\/jamonesjasena.com\/aviso-legal\/#breadcrumb"},"inLanguage":"en-GB","potentialAction":[{"@type":"ReadAction","target":["https:\/\/jamonesjasena.com\/aviso-legal\/"]}]},{"@type":"BreadcrumbList","@id":"https:\/\/jamonesjasena.com\/aviso-legal\/#breadcrumb","itemListElement":[{"@type":"ListItem","position":1,"name":"Portada","item":"https:\/\/jamonesjasena.com\/"},{"@type":"ListItem","position":2,"name":"Aviso legal"}]},{"@type":"WebSite","@id":"https:\/\/jamonesjasena.com\/#website","url":"https:\/\/jamonesjasena.com\/","name":"Jamones Jasena","description":"","publisher":{"@id":"https:\/\/jamonesjasena.com\/#organization"},"potentialAction":[{"@type":"SearchAction","target":{"@type":"EntryPoint","urlTemplate":"https:\/\/jamonesjasena.com\/?s={search_term_string}"},"query-input":{"@type":"PropertyValueSpecification","valueRequired":true,"valueName":"search_term_string"}}],"inLanguage":"en-GB"},{"@type":"Organization","@id":"https:\/\/jamonesjasena.com\/#organization","name":"Jamones Jasena","url":"https:\/\/jamonesjasena.com\/","logo":{"@type":"ImageObject","inLanguage":"en-GB","@id":"https:\/\/jamonesjasena.com\/#\/schema\/logo\/image\/","url":"https:\/\/jamonesjasena.com\/wp-content\/uploads\/2025\/12\/Logo-background.png","contentUrl":"https:\/\/jamonesjasena.com\/wp-content\/uploads\/2025\/12\/Logo-background.png","width":755,"height":330,"caption":"Jamones Jasena"},"image":{"@id":"https:\/\/jamonesjasena.com\/#\/schema\/logo\/image\/"}}]}},"_links":{"self":[{"href":"https:\/\/jamonesjasena.com\/en\/wp-json\/wp\/v2\/pages\/288","targetHints":{"allow":["GET"]}}],"collection":[{"href":"https:\/\/jamonesjasena.com\/en\/wp-json\/wp\/v2\/pages"}],"about":[{"href":"https:\/\/jamonesjasena.com\/en\/wp-json\/wp\/v2\/types\/page"}],"author":[{"embeddable":true,"href":"https:\/\/jamonesjasena.com\/en\/wp-json\/wp\/v2\/users\/1"}],"replies":[{"embeddable":true,"href":"https:\/\/jamonesjasena.com\/en\/wp-json\/wp\/v2\/comments?post=288"}],"version-history":[{"count":7,"href":"https:\/\/jamonesjasena.com\/en\/wp-json\/wp\/v2\/pages\/288\/revisions"}],"predecessor-version":[{"id":297,"href":"https:\/\/jamonesjasena.com\/en\/wp-json\/wp\/v2\/pages\/288\/revisions\/297"}],"wp:attachment":[{"href":"https:\/\/jamonesjasena.com\/en\/wp-json\/wp\/v2\/media?parent=288"}],"curies":[{"name":"wp","href":"https:\/\/api.w.org\/{rel}","templated":true}]}}